{"id":1718,"date":"2022-10-21T13:36:10","date_gmt":"2022-10-21T13:36:10","guid":{"rendered":"https:\/\/theme.madsparrow.me\/most\/?page_id=1718"},"modified":"2025-05-06T15:46:22","modified_gmt":"2025-05-06T15:46:22","slug":"about","status":"publish","type":"page","link":"https:\/\/tdaflavors.com\/tr\/about\/","title":{"rendered":"Hakk\u0131m\u0131zda"},"content":{"rendered":"<div data-elementor-type=\"wp-page\" data-elementor-id=\"1718\" class=\"elementor elementor-1718\">\n\t\t\t\t\t\t<section class=\"elementor-section elementor-top-section elementor-element elementor-element-9f5181a elementor-section-boxed elementor-section-height-default elementor-section-height-default\" data-id=\"9f5181a\" data-element_type=\"section\" data-e-type=\"section\">\n\t\t\t\t\t\t<div class=\"elementor-container elementor-column-gap-extended\">\n\t\t\t\t\t<div class=\"elementor-column elementor-col-100 elementor-top-column elementor-element elementor-element-e397ea5\" data-id=\"e397ea5\" data-element_type=\"column\" data-e-type=\"column\">\n\t\t\t<div class=\"elementor-widget-wrap elementor-element-populated\">\n\t\t\t\t\t\t<div class=\"elementor-element elementor-element-979302e elementor-widget elementor-widget-ms-hero\" data-id=\"979302e\" data-element_type=\"widget\" data-e-type=\"widget\" data-widget_type=\"ms-hero.default\">\n\t\t\t\t<div class=\"elementor-widget-container\">\n\t\t\t\t\t\r\n        <section class=\"ms-hero\" id=\"979302e\">\r\n\r\n                            <div class=\"hero-overlay\"><\/div>\r\n            \r\n                            <div class=\"ms-parallax\" data-speed=\"0.7\" data-type=\"scale\">\r\n                                            <img decoding=\"async\" class=\"jarallax-img\" src=\"https:\/\/tdaflavors.com\/wp-content\/uploads\/2022\/10\/most_bg-13.png\" alt=\"\">\r\n                                                        <\/div>\r\n            \r\n            \r\n                \r\n                    <div class=\"ms-hc\">\r\n                        <div class=\"ms-hc--inner\">\r\n                                                            <h1 class=\"ms-hero-title\">Hakk\u0131m\u0131zda <\/h1>\r\n                                                                                        <p class=\"ms-hero-subtitle\">TDA Tatlar\u0131<\/p>\r\n                                                    <\/div>\r\n                    <\/div>\r\n\r\n                \r\n                \r\n            \r\n        <\/section>\r\n\r\n    \t\t\t\t<\/div>\n\t\t\t\t<\/div>\n\t\t\t\t<div class=\"elementor-element elementor-element-f947488 elementor-widget elementor-widget-spacer\" data-id=\"f947488\" data-element_type=\"widget\" data-e-type=\"widget\" data-widget_type=\"spacer.default\">\n\t\t\t\t<div class=\"elementor-widget-container\">\n\t\t\t\t\t\t\t<div class=\"elementor-spacer\">\n\t\t\t<div class=\"elementor-spacer-inner\"><\/div>\n\t\t<\/div>\n\t\t\t\t\t\t<\/div>\n\t\t\t\t<\/div>\n\t\t\t\t<section class=\"elementor-section elementor-inner-section elementor-element elementor-element-73b5b0f elementor-section-full_width elementor-section-height-default elementor-section-height-default\" data-id=\"73b5b0f\" data-element_type=\"section\" data-e-type=\"section\" data-settings=\"{&quot;background_background&quot;:&quot;classic&quot;}\">\n\t\t\t\t\t\t<div class=\"elementor-container elementor-column-gap-wide\">\n\t\t\t\t\t<div class=\"elementor-column elementor-col-50 elementor-inner-column elementor-element elementor-element-a64819d has-sticky-column\" data-id=\"a64819d\" data-element_type=\"column\" data-e-type=\"column\">\n\t\t\t<div class=\"elementor-widget-wrap elementor-element-populated\">\n\t\t\t\t\t\t<div class=\"elementor-element elementor-element-5029198 elementor-widget elementor-widget-image\" data-id=\"5029198\" data-element_type=\"widget\" data-e-type=\"widget\" data-widget_type=\"image.default\">\n\t\t\t\t<div class=\"elementor-widget-container\">\n\t\t\t\t\t\t\t\t\t\t\t\t\t\t\t<img fetchpriority=\"high\" decoding=\"async\" width=\"683\" height=\"1024\" src=\"https:\/\/tdaflavors.com\/wp-content\/uploads\/2025\/05\/aroma-boom-2024-10-16-17-53-11-utc-1-683x1024.jpg\" class=\"attachment-large size-large wp-image-3337\" alt=\"\" srcset=\"https:\/\/tdaflavors.com\/wp-content\/uploads\/2025\/05\/aroma-boom-2024-10-16-17-53-11-utc-1-683x1024.jpg 683w, https:\/\/tdaflavors.com\/wp-content\/uploads\/2025\/05\/aroma-boom-2024-10-16-17-53-11-utc-1-200x300.jpg 200w, https:\/\/tdaflavors.com\/wp-content\/uploads\/2025\/05\/aroma-boom-2024-10-16-17-53-11-utc-1-768x1152.jpg 768w, https:\/\/tdaflavors.com\/wp-content\/uploads\/2025\/05\/aroma-boom-2024-10-16-17-53-11-utc-1-1024x1536.jpg 1024w, https:\/\/tdaflavors.com\/wp-content\/uploads\/2025\/05\/aroma-boom-2024-10-16-17-53-11-utc-1-1365x2048.jpg 1365w, https:\/\/tdaflavors.com\/wp-content\/uploads\/2025\/05\/aroma-boom-2024-10-16-17-53-11-utc-1-179x268.jpg 179w, https:\/\/tdaflavors.com\/wp-content\/uploads\/2025\/05\/aroma-boom-2024-10-16-17-53-11-utc-1-1120x1680.jpg 1120w, https:\/\/tdaflavors.com\/wp-content\/uploads\/2025\/05\/aroma-boom-2024-10-16-17-53-11-utc-1-scaled.jpg 1707w\" sizes=\"(max-width: 683px) 100vw, 683px\" \/>\t\t\t\t\t\t\t\t\t\t\t\t\t\t\t<\/div>\n\t\t\t\t<\/div>\n\t\t\t\t\t<\/div>\n\t\t<\/div>\n\t\t\t\t<div class=\"elementor-column elementor-col-50 elementor-inner-column elementor-element elementor-element-bea6111\" data-id=\"bea6111\" data-element_type=\"column\" data-e-type=\"column\">\n\t\t\t<div class=\"elementor-widget-wrap elementor-element-populated\">\n\t\t\t\t\t\t<div class=\"elementor-element elementor-element-15aa248 elementor-widget elementor-widget-heading\" data-id=\"15aa248\" data-element_type=\"widget\" data-e-type=\"widget\" data-widget_type=\"heading.default\">\n\t\t\t\t<div class=\"elementor-widget-container\">\n\t\t\t\t\t<h1 class=\"elementor-heading-title elementor-size-default\">Bilimin Duyularla Bulu\u015ftu\u011fu Yer.<\/h1>\t\t\t\t<\/div>\n\t\t\t\t<\/div>\n\t\t\t\t<div class=\"elementor-element elementor-element-6068ec2 elementor-widget elementor-widget-text-editor\" data-id=\"6068ec2\" data-element_type=\"widget\" data-e-type=\"widget\" data-widget_type=\"text-editor.default\">\n\t\t\t\t<div class=\"elementor-widget-container\">\n\t\t\t\t\t\t\t\t\t<p data-start=\"293\" data-end=\"325\">\u00a0<\/p><p data-start=\"327\" data-end=\"564\">At <strong data-start=\"330\" data-end=\"344\">TDAFlavors<\/strong>Biz sadece koku ve tat \u00fcretmiyoruz, duyusal kimlikler tasarl\u0131yoruz.<br data-start=\"420\" data-end=\"423\" \/>Yarat\u0131c\u0131l\u0131\u011fa dayanan k\u00f6klerimiz ve bilimde g\u00fc\u00e7l\u00fc bir temelle, markalar\u0131n koku ve tad\u0131n g\u00fcc\u00fc arac\u0131l\u0131\u011f\u0131yla duygusal ba\u011flar kurmas\u0131na yard\u0131mc\u0131 oluyoruz.<\/p><p data-start=\"566\" data-end=\"764\">L\u00fcks parf\u00fcmlerden g\u00fcnl\u00fck i\u00e7eceklere kadar uzmanl\u0131\u011f\u0131m\u0131z sekt\u00f6rleri ve k\u0131talar\u0131 kaps\u0131yor. \u00dcr\u00fcnleri hayata ge\u00e7irmek i\u00e7in vizyoner \u015firketlerle ortakl\u0131k kuruyoruz - sadece performans g\u00f6steren de\u011fil, ayn\u0131 zamanda yank\u0131 uyand\u0131ran \u00fcr\u00fcnler.<\/p><h3 data-start=\"766\" data-end=\"785\">\u00a0<\/h3>\t\t\t\t\t\t\t\t<\/div>\n\t\t\t\t<\/div>\n\t\t\t\t<div class=\"elementor-element elementor-element-23ea328 elementor-widget-divider--view-line elementor-widget elementor-widget-divider\" data-id=\"23ea328\" data-element_type=\"widget\" data-e-type=\"widget\" data-widget_type=\"divider.default\">\n\t\t\t\t<div class=\"elementor-widget-container\">\n\t\t\t\t\t\t\t<div class=\"elementor-divider\">\n\t\t\t<span class=\"elementor-divider-separator\">\n\t\t\t\t\t\t<\/span>\n\t\t<\/div>\n\t\t\t\t\t\t<\/div>\n\t\t\t\t<\/div>\n\t\t\t\t<div class=\"elementor-element elementor-element-d4fca80 elementor-widget elementor-widget-heading\" data-id=\"d4fca80\" data-element_type=\"widget\" data-e-type=\"widget\" data-widget_type=\"heading.default\">\n\t\t\t\t<div class=\"elementor-widget-container\">\n\t\t\t\t\t<h2 class=\"elementor-heading-title elementor-size-default\">Bizi harekete ge\u00e7iren \u015fey:<\/h2>\t\t\t\t<\/div>\n\t\t\t\t<\/div>\n\t\t\t\t<section class=\"elementor-section elementor-inner-section elementor-element elementor-element-fbb58a3 elementor-section-full_width elementor-section-height-default elementor-section-height-default\" data-id=\"fbb58a3\" data-element_type=\"section\" data-e-type=\"section\">\n\t\t\t\t\t\t<div class=\"elementor-container elementor-column-gap-no\">\n\t\t\t\t\t<div class=\"elementor-column elementor-col-50 elementor-inner-column elementor-element elementor-element-9cc9dda\" data-id=\"9cc9dda\" data-element_type=\"column\" data-e-type=\"column\">\n\t\t\t<div class=\"elementor-widget-wrap elementor-element-populated\">\n\t\t\t\t\t\t<div class=\"elementor-element elementor-element-6f48c81 elementor-widget elementor-widget-services\" data-id=\"6f48c81\" data-element_type=\"widget\" data-e-type=\"widget\" data-widget_type=\"services.default\">\n\t\t\t\t<div class=\"elementor-widget-container\">\n\t\t\t\t\t        \r\n        <div class=\"ms-sb img-top\">\r\n\r\n            \r\n            <div class=\"ms-sb--inner\">\r\n                                    <h4 class=\"ms-sb--title\">\r\n                                                    <span>\u0130novasyon:<\/span>\r\n                                            <\/h4>\r\n                                                    <p class=\"ms-sb--text\">Ar-Ge ekibimiz s\u00fcrekli olarak yeni i\u00e7erikleri, teknikleri ve trendleri ara\u015ft\u0131r\u0131yor<\/p>\r\n                            <\/div>\r\n\r\n        <\/div>\r\n\r\n        \t\t\t\t<\/div>\n\t\t\t\t<\/div>\n\t\t\t\t\t<\/div>\n\t\t<\/div>\n\t\t\t\t<div class=\"elementor-column elementor-col-50 elementor-inner-column elementor-element elementor-element-7bc4111\" data-id=\"7bc4111\" data-element_type=\"column\" data-e-type=\"column\">\n\t\t\t<div class=\"elementor-widget-wrap elementor-element-populated\">\n\t\t\t\t\t\t<div class=\"elementor-element elementor-element-1014560 elementor-widget elementor-widget-services\" data-id=\"1014560\" data-element_type=\"widget\" data-e-type=\"widget\" data-widget_type=\"services.default\">\n\t\t\t\t<div class=\"elementor-widget-container\">\n\t\t\t\t\t        \r\n        <div class=\"ms-sb img-top\">\r\n\r\n            \r\n            <div class=\"ms-sb--inner\">\r\n                                    <h4 class=\"ms-sb--title\">\r\n                                                    <span>\u00d6zelle\u015ftirme<\/span>\r\n                                            <\/h4>\r\n                                                    <p class=\"ms-sb--text\">Her m\u00fc\u015fterimiz benzersizdir, kreasyonlar\u0131m\u0131z da \u00f6yle<\/p>\r\n                            <\/div>\r\n\r\n        <\/div>\r\n\r\n        \t\t\t\t<\/div>\n\t\t\t\t<\/div>\n\t\t\t\t\t<\/div>\n\t\t<\/div>\n\t\t\t\t\t<\/div>\n\t\t<\/section>\n\t\t\t\t<section class=\"elementor-section elementor-inner-section elementor-element elementor-element-90d0a9a elementor-section-full_width elementor-section-height-default elementor-section-height-default\" data-id=\"90d0a9a\" data-element_type=\"section\" data-e-type=\"section\">\n\t\t\t\t\t\t<div class=\"elementor-container elementor-column-gap-no\">\n\t\t\t\t\t<div class=\"elementor-column elementor-col-50 elementor-inner-column elementor-element elementor-element-31d06fa\" data-id=\"31d06fa\" data-element_type=\"column\" data-e-type=\"column\">\n\t\t\t<div class=\"elementor-widget-wrap elementor-element-populated\">\n\t\t\t\t\t\t<div class=\"elementor-element elementor-element-f1aef2a elementor-widget elementor-widget-services\" data-id=\"f1aef2a\" data-element_type=\"widget\" data-e-type=\"widget\" data-widget_type=\"services.default\">\n\t\t\t\t<div class=\"elementor-widget-container\">\n\t\t\t\t\t        \r\n        <div class=\"ms-sb img-top\">\r\n\r\n            \r\n            <div class=\"ms-sb--inner\">\r\n                                    <h4 class=\"ms-sb--title\">\r\n                                                    <span>Kalite<\/span>\r\n                                            <\/h4>\r\n                                                    <p class=\"ms-sb--text\">G\u00fcvenlik, istikrar ve kaynak kullan\u0131m\u0131nda en y\u00fcksek k\u00fcresel standartlara ba\u011fl\u0131y\u0131z<\/p>\r\n                            <\/div>\r\n\r\n        <\/div>\r\n\r\n        \t\t\t\t<\/div>\n\t\t\t\t<\/div>\n\t\t\t\t\t<\/div>\n\t\t<\/div>\n\t\t\t\t<div class=\"elementor-column elementor-col-50 elementor-inner-column elementor-element elementor-element-df87e23\" data-id=\"df87e23\" data-element_type=\"column\" data-e-type=\"column\">\n\t\t\t<div class=\"elementor-widget-wrap elementor-element-populated\">\n\t\t\t\t\t\t<div class=\"elementor-element elementor-element-e7b4af9 elementor-widget elementor-widget-services\" data-id=\"e7b4af9\" data-element_type=\"widget\" data-e-type=\"widget\" data-widget_type=\"services.default\">\n\t\t\t\t<div class=\"elementor-widget-container\">\n\t\t\t\t\t        \r\n        <div class=\"ms-sb img-top\">\r\n\r\n            \r\n            <div class=\"ms-sb--inner\">\r\n                                    <h4 class=\"ms-sb--title\">\r\n                                                    <span>H\u0131z ve \u00c7eviklik<\/span>\r\n                                            <\/h4>\r\n                                                    <p class=\"ms-sb--text\">H\u0131zl\u0131 prototipleme, esnek \u00fcretim ve m\u00fc\u015fteri odakl\u0131 s\u00fcre\u00e7ler<\/p>\r\n                            <\/div>\r\n\r\n        <\/div>\r\n\r\n        \t\t\t\t<\/div>\n\t\t\t\t<\/div>\n\t\t\t\t\t<\/div>\n\t\t<\/div>\n\t\t\t\t\t<\/div>\n\t\t<\/section>\n\t\t\t\t<div class=\"elementor-element elementor-element-b9bc4c2 elementor-widget-divider--view-line elementor-widget elementor-widget-divider\" data-id=\"b9bc4c2\" data-element_type=\"widget\" data-e-type=\"widget\" data-widget_type=\"divider.default\">\n\t\t\t\t<div class=\"elementor-widget-container\">\n\t\t\t\t\t\t\t<div class=\"elementor-divider\">\n\t\t\t<span class=\"elementor-divider-separator\">\n\t\t\t\t\t\t<\/span>\n\t\t<\/div>\n\t\t\t\t\t\t<\/div>\n\t\t\t\t<\/div>\n\t\t\t\t<div class=\"elementor-element elementor-element-36b0216 elementor-widget elementor-widget-heading\" data-id=\"36b0216\" data-element_type=\"widget\" data-e-type=\"widget\" data-widget_type=\"heading.default\">\n\t\t\t\t<div class=\"elementor-widget-container\">\n\t\t\t\t\t<h1 class=\"elementor-heading-title elementor-size-default\">Kapsam\u0131m\u0131z:<\/h1>\t\t\t\t<\/div>\n\t\t\t\t<\/div>\n\t\t\t\t<div class=\"elementor-element elementor-element-e9c651f elementor-widget elementor-widget-text-editor\" data-id=\"e9c651f\" data-element_type=\"widget\" data-e-type=\"widget\" data-widget_type=\"text-editor.default\">\n\t\t\t\t<div class=\"elementor-widget-container\">\n\t\t\t\t\t\t\t\t\t<p data-start=\"1146\" data-end=\"1169\">Geli\u015ftiriyor ve \u00fcretiyoruz:<\/p><ul data-start=\"1170\" data-end=\"1352\"><li data-start=\"1170\" data-end=\"1216\"><p data-start=\"1172\" data-end=\"1216\">Parf\u00fcm ve v\u00fccut bak\u0131m\u0131 i\u00e7in g\u00fczel kokular<\/p><\/li><li data-start=\"1217\" data-end=\"1287\"><p data-start=\"1219\" data-end=\"1287\">G\u0131da, i\u00e7ecek ve beslenme i\u00e7in fonksiyonel ve ho\u015fg\u00f6r\u00fcl\u00fc aromalar<\/p><\/li><li data-start=\"1288\" data-end=\"1352\"><p data-start=\"1290\" data-end=\"1352\">Tat, \u00e7\u00f6z\u00fcn\u00fcrl\u00fck ve raf \u00f6mr\u00fc i\u00e7in optimize edilmi\u015f toz formatlar\u0131<\/p><\/li><\/ul><p data-start=\"1354\" data-end=\"1458\">\u0130ster bir startup ister k\u00fcresel bir marka olun, sizin dilinizi konu\u015fuyoruz: tutku, hassasiyet ve performans.<\/p><p data-start=\"1460\" data-end=\"1516\">D\u00fcnyan\u0131n bundan sonra tadabilece\u011fi ve koklayabilece\u011fi \u015feyleri birlikte yaratal\u0131m.<\/p>\t\t\t\t\t\t\t\t<\/div>\n\t\t\t\t<\/div>\n\t\t\t\t\t<\/div>\n\t\t<\/div>\n\t\t\t\t\t<\/div>\n\t\t<\/section>\n\t\t\t\t<div class=\"elementor-element elementor-element-b458126 elementor-widget elementor-widget-spacer\" data-id=\"b458126\" data-element_type=\"widget\" data-e-type=\"widget\" data-widget_type=\"spacer.default\">\n\t\t\t\t<div class=\"elementor-widget-container\">\n\t\t\t\t\t\t\t<div class=\"elementor-spacer\">\n\t\t\t<div class=\"elementor-spacer-inner\"><\/div>\n\t\t<\/div>\n\t\t\t\t\t\t<\/div>\n\t\t\t\t<\/div>\n\t\t\t\t\t<\/div>\n\t\t<\/div>\n\t\t\t\t\t<\/div>\n\t\t<\/section>\n\t\t\t\t<\/div>","protected":false},"excerpt":{"rendered":"<p>About Us TDA Flavors Where Science Meets Sensory. \u00a0 At TDAFlavors, we don&#8217;t just manufacture scents and flavors\u2014we design sensory identities.With roots in creativity [&hellip;]<\/p>\n","protected":false},"author":1,"featured_media":0,"parent":0,"menu_order":0,"comment_status":"closed","ping_status":"closed","template":"page-custom.php","meta":{"_acf_changed":false,"footnotes":""},"class_list":["post-1718","page","type-page","status-publish","hentry"],"acf":{"full_width":false,"header_transparent":false,"header_white":false},"yoast_head":"<!-- This site is optimized with the Yoast SEO plugin v27.3 - https:\/\/yoast.com\/product\/yoast-seo-wordpress\/ -->\n<title>About us - TDA Flavors<\/title>\n<meta name=\"robots\" content=\"index, follow, max-snippet:-1, max-image-preview:large, max-video-preview:-1\" \/>\n<link rel=\"canonical\" href=\"https:\/\/tdaflavors.com\/tr\/about\/\" \/>\n<meta property=\"og:locale\" content=\"tr_TR\" \/>\n<meta property=\"og:type\" content=\"article\" \/>\n<meta property=\"og:title\" content=\"About us - TDA Flavors\" \/>\n<meta property=\"og:description\" content=\"About Us TDA Flavors Where Science Meets Sensory. \u00a0 At TDAFlavors, we don&#8217;t just manufacture scents and flavors\u2014we design sensory identities.With roots in creativity [&hellip;]\" \/>\n<meta property=\"og:url\" content=\"https:\/\/tdaflavors.com\/tr\/about\/\" \/>\n<meta property=\"og:site_name\" content=\"TDA Flavors\" \/>\n<meta property=\"article:modified_time\" content=\"2025-05-06T15:46:22+00:00\" \/>\n<meta property=\"og:image\" content=\"https:\/\/tdaflavors.com\/wp-content\/uploads\/2022\/10\/most_bg-13.png\" \/>\n<meta name=\"twitter:card\" content=\"summary_large_image\" \/>\n<meta name=\"twitter:label1\" content=\"Tahmini okuma s\u00fcresi\" \/>\n\t<meta name=\"twitter:data1\" content=\"1 dakika\" \/>\n<script type=\"application\/ld+json\" class=\"yoast-schema-graph\">{\"@context\":\"https:\\\/\\\/schema.org\",\"@graph\":[{\"@type\":\"WebPage\",\"@id\":\"https:\\\/\\\/tdaflavors.com\\\/about\\\/\",\"url\":\"https:\\\/\\\/tdaflavors.com\\\/about\\\/\",\"name\":\"About us - TDA Flavors\",\"isPartOf\":{\"@id\":\"https:\\\/\\\/tdaflavors.com\\\/#website\"},\"primaryImageOfPage\":{\"@id\":\"https:\\\/\\\/tdaflavors.com\\\/about\\\/#primaryimage\"},\"image\":{\"@id\":\"https:\\\/\\\/tdaflavors.com\\\/about\\\/#primaryimage\"},\"thumbnailUrl\":\"https:\\\/\\\/tdaflavors.com\\\/wp-content\\\/uploads\\\/2022\\\/10\\\/most_bg-13.png\",\"datePublished\":\"2022-10-21T13:36:10+00:00\",\"dateModified\":\"2025-05-06T15:46:22+00:00\",\"breadcrumb\":{\"@id\":\"https:\\\/\\\/tdaflavors.com\\\/about\\\/#breadcrumb\"},\"inLanguage\":\"tr\",\"potentialAction\":[{\"@type\":\"ReadAction\",\"target\":[\"https:\\\/\\\/tdaflavors.com\\\/about\\\/\"]}]},{\"@type\":\"ImageObject\",\"inLanguage\":\"tr\",\"@id\":\"https:\\\/\\\/tdaflavors.com\\\/about\\\/#primaryimage\",\"url\":\"https:\\\/\\\/tdaflavors.com\\\/wp-content\\\/uploads\\\/2022\\\/10\\\/most_bg-13.png\",\"contentUrl\":\"https:\\\/\\\/tdaflavors.com\\\/wp-content\\\/uploads\\\/2022\\\/10\\\/most_bg-13.png\"},{\"@type\":\"BreadcrumbList\",\"@id\":\"https:\\\/\\\/tdaflavors.com\\\/about\\\/#breadcrumb\",\"itemListElement\":[{\"@type\":\"ListItem\",\"position\":1,\"name\":\"Home\",\"item\":\"https:\\\/\\\/tdaflavors.com\\\/\"},{\"@type\":\"ListItem\",\"position\":2,\"name\":\"About us\"}]},{\"@type\":\"WebSite\",\"@id\":\"https:\\\/\\\/tdaflavors.com\\\/#website\",\"url\":\"https:\\\/\\\/tdaflavors.com\\\/\",\"name\":\"TDA Flavors\",\"description\":\"#1 Best Flavor Company on Turkey \ud83c\uddf9\ud83c\uddf7\",\"publisher\":{\"@id\":\"https:\\\/\\\/tdaflavors.com\\\/#organization\"},\"potentialAction\":[{\"@type\":\"SearchAction\",\"target\":{\"@type\":\"EntryPoint\",\"urlTemplate\":\"https:\\\/\\\/tdaflavors.com\\\/?s={search_term_string}\"},\"query-input\":{\"@type\":\"PropertyValueSpecification\",\"valueRequired\":true,\"valueName\":\"search_term_string\"}}],\"inLanguage\":\"tr\"},{\"@type\":\"Organization\",\"@id\":\"https:\\\/\\\/tdaflavors.com\\\/#organization\",\"name\":\"TDA Flavors\",\"url\":\"https:\\\/\\\/tdaflavors.com\\\/\",\"logo\":{\"@type\":\"ImageObject\",\"inLanguage\":\"tr\",\"@id\":\"https:\\\/\\\/tdaflavors.com\\\/#\\\/schema\\\/logo\\\/image\\\/\",\"url\":\"https:\\\/\\\/tdaflavors.com\\\/wp-content\\\/uploads\\\/2025\\\/05\\\/LOGO-TDA.png\",\"contentUrl\":\"https:\\\/\\\/tdaflavors.com\\\/wp-content\\\/uploads\\\/2025\\\/05\\\/LOGO-TDA.png\",\"width\":252,\"height\":115,\"caption\":\"TDA Flavors\"},\"image\":{\"@id\":\"https:\\\/\\\/tdaflavors.com\\\/#\\\/schema\\\/logo\\\/image\\\/\"}}]}<\/script>\n<!-- \/ Yoast SEO plugin. -->","yoast_head_json":{"title":"About us - TDA Flavors","robots":{"index":"index","follow":"follow","max-snippet":"max-snippet:-1","max-image-preview":"max-image-preview:large","max-video-preview":"max-video-preview:-1"},"canonical":"https:\/\/tdaflavors.com\/tr\/about\/","og_locale":"tr_TR","og_type":"article","og_title":"About us - TDA Flavors","og_description":"About Us TDA Flavors Where Science Meets Sensory. \u00a0 At TDAFlavors, we don&#8217;t just manufacture scents and flavors\u2014we design sensory identities.With roots in creativity [&hellip;]","og_url":"https:\/\/tdaflavors.com\/tr\/about\/","og_site_name":"TDA Flavors","article_modified_time":"2025-05-06T15:46:22+00:00","og_image":[{"url":"https:\/\/tdaflavors.com\/wp-content\/uploads\/2022\/10\/most_bg-13.png","type":"","width":"","height":""}],"twitter_card":"summary_large_image","twitter_misc":{"Tahmini okuma s\u00fcresi":"1 dakika"},"schema":{"@context":"https:\/\/schema.org","@graph":[{"@type":"WebPage","@id":"https:\/\/tdaflavors.com\/about\/","url":"https:\/\/tdaflavors.com\/about\/","name":"About us - TDA Flavors","isPartOf":{"@id":"https:\/\/tdaflavors.com\/#website"},"primaryImageOfPage":{"@id":"https:\/\/tdaflavors.com\/about\/#primaryimage"},"image":{"@id":"https:\/\/tdaflavors.com\/about\/#primaryimage"},"thumbnailUrl":"https:\/\/tdaflavors.com\/wp-content\/uploads\/2022\/10\/most_bg-13.png","datePublished":"2022-10-21T13:36:10+00:00","dateModified":"2025-05-06T15:46:22+00:00","breadcrumb":{"@id":"https:\/\/tdaflavors.com\/about\/#breadcrumb"},"inLanguage":"tr","potentialAction":[{"@type":"ReadAction","target":["https:\/\/tdaflavors.com\/about\/"]}]},{"@type":"ImageObject","inLanguage":"tr","@id":"https:\/\/tdaflavors.com\/about\/#primaryimage","url":"https:\/\/tdaflavors.com\/wp-content\/uploads\/2022\/10\/most_bg-13.png","contentUrl":"https:\/\/tdaflavors.com\/wp-content\/uploads\/2022\/10\/most_bg-13.png"},{"@type":"BreadcrumbList","@id":"https:\/\/tdaflavors.com\/about\/#breadcrumb","itemListElement":[{"@type":"ListItem","position":1,"name":"Home","item":"https:\/\/tdaflavors.com\/"},{"@type":"ListItem","position":2,"name":"About us"}]},{"@type":"WebSite","@id":"https:\/\/tdaflavors.com\/#website","url":"https:\/\/tdaflavors.com\/","name":"TDA Tatlar\u0131","description":"#1 T\u00fcrkiye'nin En \u0130yi Lezzet \u015eirketi \ud83c\uddf9\ud83c\uddf7","publisher":{"@id":"https:\/\/tdaflavors.com\/#organization"},"potentialAction":[{"@type":"SearchAction","target":{"@type":"EntryPoint","urlTemplate":"https:\/\/tdaflavors.com\/?s={search_term_string}"},"query-input":{"@type":"PropertyValueSpecification","valueRequired":true,"valueName":"search_term_string"}}],"inLanguage":"tr"},{"@type":"Organization","@id":"https:\/\/tdaflavors.com\/#organization","name":"TDA Tatlar\u0131","url":"https:\/\/tdaflavors.com\/","logo":{"@type":"ImageObject","inLanguage":"tr","@id":"https:\/\/tdaflavors.com\/#\/schema\/logo\/image\/","url":"https:\/\/tdaflavors.com\/wp-content\/uploads\/2025\/05\/LOGO-TDA.png","contentUrl":"https:\/\/tdaflavors.com\/wp-content\/uploads\/2025\/05\/LOGO-TDA.png","width":252,"height":115,"caption":"TDA Flavors"},"image":{"@id":"https:\/\/tdaflavors.com\/#\/schema\/logo\/image\/"}}]}},"_links":{"self":[{"href":"https:\/\/tdaflavors.com\/tr\/wp-json\/wp\/v2\/pages\/1718","targetHints":{"allow":["GET"]}}],"collection":[{"href":"https:\/\/tdaflavors.com\/tr\/wp-json\/wp\/v2\/pages"}],"about":[{"href":"https:\/\/tdaflavors.com\/tr\/wp-json\/wp\/v2\/types\/page"}],"author":[{"embeddable":true,"href":"https:\/\/tdaflavors.com\/tr\/wp-json\/wp\/v2\/users\/1"}],"replies":[{"embeddable":true,"href":"https:\/\/tdaflavors.com\/tr\/wp-json\/wp\/v2\/comments?post=1718"}],"version-history":[{"count":12,"href":"https:\/\/tdaflavors.com\/tr\/wp-json\/wp\/v2\/pages\/1718\/revisions"}],"predecessor-version":[{"id":3340,"href":"https:\/\/tdaflavors.com\/tr\/wp-json\/wp\/v2\/pages\/1718\/revisions\/3340"}],"wp:attachment":[{"href":"https:\/\/tdaflavors.com\/tr\/wp-json\/wp\/v2\/media?parent=1718"}],"curies":[{"name":"wp","href":"https:\/\/api.w.org\/{rel}","templated":true}]}}