{"id":3237,"date":"2025-05-06T13:32:54","date_gmt":"2025-05-06T13:32:54","guid":{"rendered":"https:\/\/tdaflavors.com\/?page_id=3237"},"modified":"2025-07-01T16:16:30","modified_gmt":"2025-07-01T16:16:30","slug":"podwers","status":"publish","type":"page","link":"https:\/\/tdaflavors.com\/tr\/podwers\/","title":{"rendered":"pudralar"},"content":{"rendered":"<div data-elementor-type=\"wp-page\" data-elementor-id=\"3237\" class=\"elementor elementor-3237\">\n\t\t\t\t\t\t<section class=\"elementor-section elementor-top-section elementor-element elementor-element-9f5181a elementor-section-boxed elementor-section-height-default elementor-section-height-default\" data-id=\"9f5181a\" data-element_type=\"section\" data-e-type=\"section\">\n\t\t\t\t\t\t<div class=\"elementor-container elementor-column-gap-extended\">\n\t\t\t\t\t<div class=\"elementor-column elementor-col-100 elementor-top-column elementor-element elementor-element-e397ea5\" data-id=\"e397ea5\" data-element_type=\"column\" data-e-type=\"column\">\n\t\t\t<div class=\"elementor-widget-wrap elementor-element-populated\">\n\t\t\t\t\t\t<div class=\"elementor-element elementor-element-201081d elementor-widget elementor-widget-ms-hero\" data-id=\"201081d\" data-element_type=\"widget\" data-e-type=\"widget\" data-widget_type=\"ms-hero.default\">\n\t\t\t\t<div class=\"elementor-widget-container\">\n\t\t\t\t\t\r\n        <section class=\"ms-hero\" id=\"201081d\">\r\n\r\n                            <div class=\"hero-overlay\"><\/div>\r\n            \r\n                            <div class=\"ms-parallax\" data-speed=\"0.7\" data-type=\"scale\">\r\n                                            <img decoding=\"async\" class=\"jarallax-img\" src=\"https:\/\/tdaflavors.com\/wp-content\/uploads\/2025\/05\/various-healthy-superfoods-powder-2024-10-18-06-03-54-utc-scaled.jpg\" alt=\"\">\r\n                                                        <\/div>\r\n            \r\n            \r\n                \r\n                    <div class=\"ms-hc\">\r\n                        <div class=\"ms-hc--inner\">\r\n                                                            <h1 class=\"ms-hero-title\">aromal\u0131 tozlar<\/h1>\r\n                                                                                <\/div>\r\n                    <\/div>\r\n\r\n                \r\n                \r\n            \r\n        <\/section>\r\n\r\n    \t\t\t\t<\/div>\n\t\t\t\t<\/div>\n\t\t\t\t<div class=\"elementor-element elementor-element-f947488 elementor-widget elementor-widget-spacer\" data-id=\"f947488\" data-element_type=\"widget\" data-e-type=\"widget\" data-widget_type=\"spacer.default\">\n\t\t\t\t<div class=\"elementor-widget-container\">\n\t\t\t\t\t\t\t<div class=\"elementor-spacer\">\n\t\t\t<div class=\"elementor-spacer-inner\"><\/div>\n\t\t<\/div>\n\t\t\t\t\t\t<\/div>\n\t\t\t\t<\/div>\n\t\t\t\t<section class=\"elementor-section elementor-inner-section elementor-element elementor-element-73b5b0f elementor-section-full_width elementor-section-height-default elementor-section-height-default\" data-id=\"73b5b0f\" data-element_type=\"section\" data-e-type=\"section\" data-settings=\"{&quot;background_background&quot;:&quot;classic&quot;}\">\n\t\t\t\t\t\t<div class=\"elementor-container elementor-column-gap-wide\">\n\t\t\t\t\t<div class=\"elementor-column elementor-col-50 elementor-inner-column elementor-element elementor-element-bea6111\" data-id=\"bea6111\" data-element_type=\"column\" data-e-type=\"column\">\n\t\t\t<div class=\"elementor-widget-wrap elementor-element-populated\">\n\t\t\t\t\t\t<div class=\"elementor-element elementor-element-15aa248 elementor-widget elementor-widget-heading\" data-id=\"15aa248\" data-element_type=\"widget\" data-e-type=\"widget\" data-widget_type=\"heading.default\">\n\t\t\t\t<div class=\"elementor-widget-container\">\n\t\t\t\t\t<h1 class=\"elementor-heading-title elementor-size-default\">An\u0131nda Lezzet. Sonsuz \u0130mkanlar.<\/h1>\t\t\t\t<\/div>\n\t\t\t\t<\/div>\n\t\t\t\t<div class=\"elementor-element elementor-element-5662817 elementor-widget elementor-widget-text-editor\" data-id=\"5662817\" data-element_type=\"widget\" data-e-type=\"widget\" data-widget_type=\"text-editor.default\">\n\t\t\t\t<div class=\"elementor-widget-container\">\n\t\t\t\t\t\t\t\t\t<p><em><span style=\"color: #ef5d39;\">\u0130\u00e7ecekler \/ S\u00fct \u00dcr\u00fcnleri \/ At\u0131\u015ft\u0131rmal\u0131klar<\/span><\/em><\/p>\t\t\t\t\t\t\t\t<\/div>\n\t\t\t\t<\/div>\n\t\t\t\t<div class=\"elementor-element elementor-element-6068ec2 elementor-widget elementor-widget-text-editor\" data-id=\"6068ec2\" data-element_type=\"widget\" data-e-type=\"widget\" data-widget_type=\"text-editor.default\">\n\t\t\t\t<div class=\"elementor-widget-container\">\n\t\t\t\t\t\t\t\t\t<h3 data-start=\"523\" data-end=\"935\"><br data-start=\"630\" data-end=\"633\" \/>TDAFlavors'da, h\u0131zl\u0131 \u00e7\u00f6z\u00fcnen ve her zaman nefis tatlar sunan toz aroma sistemlerinde uzman\u0131z. Meyve kar\u0131\u015f\u0131mlar\u0131ndan kremsi vanilya notalar\u0131na kadar, tozlar\u0131m\u0131z \u00e7\u00f6z\u00fcnebilirlik, raf \u00f6mr\u00fc ve duyusal keyif i\u00e7in \u00f6zel olarak tasarlanm\u0131\u015ft\u0131r\u2014an\u0131nda i\u00e7ecekler, protein shake\u2019leri ve aromal\u0131 at\u0131\u015ft\u0131rmal\u0131klar i\u00e7in m\u00fckemmeldir.<\/h3><p data-start=\"937\" data-end=\"1029\">\u00a0<\/p>\t\t\t\t\t\t\t\t<\/div>\n\t\t\t\t<\/div>\n\t\t\t\t\t<\/div>\n\t\t<\/div>\n\t\t\t\t<div class=\"elementor-column elementor-col-50 elementor-inner-column elementor-element elementor-element-a64819d has-sticky-column\" data-id=\"a64819d\" data-element_type=\"column\" data-e-type=\"column\">\n\t\t\t<div class=\"elementor-widget-wrap elementor-element-populated\">\n\t\t\t\t\t\t<div class=\"elementor-element elementor-element-5029198 elementor-widget elementor-widget-image\" data-id=\"5029198\" data-element_type=\"widget\" data-e-type=\"widget\" data-widget_type=\"image.default\">\n\t\t\t\t<div class=\"elementor-widget-container\">\n\t\t\t\t\t\t\t\t\t\t\t\t\t\t\t<img fetchpriority=\"high\" decoding=\"async\" width=\"1024\" height=\"762\" src=\"https:\/\/tdaflavors.com\/wp-content\/uploads\/2025\/05\/colorful-herbs-and-spices-2024-09-21-22-11-51-utc-1024x762.jpg\" class=\"attachment-large size-large wp-image-3239\" alt=\"\" srcset=\"https:\/\/tdaflavors.com\/wp-content\/uploads\/2025\/05\/colorful-herbs-and-spices-2024-09-21-22-11-51-utc-1024x762.jpg 1024w, https:\/\/tdaflavors.com\/wp-content\/uploads\/2025\/05\/colorful-herbs-and-spices-2024-09-21-22-11-51-utc-300x223.jpg 300w, https:\/\/tdaflavors.com\/wp-content\/uploads\/2025\/05\/colorful-herbs-and-spices-2024-09-21-22-11-51-utc-768x572.jpg 768w, https:\/\/tdaflavors.com\/wp-content\/uploads\/2025\/05\/colorful-herbs-and-spices-2024-09-21-22-11-51-utc-1536x1143.jpg 1536w, https:\/\/tdaflavors.com\/wp-content\/uploads\/2025\/05\/colorful-herbs-and-spices-2024-09-21-22-11-51-utc-2048x1524.jpg 2048w, https:\/\/tdaflavors.com\/wp-content\/uploads\/2025\/05\/colorful-herbs-and-spices-2024-09-21-22-11-51-utc-360x268.jpg 360w, https:\/\/tdaflavors.com\/wp-content\/uploads\/2025\/05\/colorful-herbs-and-spices-2024-09-21-22-11-51-utc-1120x834.jpg 1120w\" sizes=\"(max-width: 1024px) 100vw, 1024px\" \/>\t\t\t\t\t\t\t\t\t\t\t\t\t\t\t<\/div>\n\t\t\t\t<\/div>\n\t\t\t\t\t<\/div>\n\t\t<\/div>\n\t\t\t\t\t<\/div>\n\t\t<\/section>\n\t\t\t\t<div class=\"elementor-element elementor-element-77225b3 elementor-widget elementor-widget-spacer\" data-id=\"77225b3\" data-element_type=\"widget\" data-e-type=\"widget\" data-widget_type=\"spacer.default\">\n\t\t\t\t<div class=\"elementor-widget-container\">\n\t\t\t\t\t\t\t<div class=\"elementor-spacer\">\n\t\t\t<div class=\"elementor-spacer-inner\"><\/div>\n\t\t<\/div>\n\t\t\t\t\t\t<\/div>\n\t\t\t\t<\/div>\n\t\t\t\t<section class=\"elementor-section elementor-inner-section elementor-element elementor-element-f7e8aec elementor-section-full_width elementor-section-height-default elementor-section-height-default\" data-id=\"f7e8aec\" data-element_type=\"section\" data-e-type=\"section\" data-settings=\"{&quot;background_background&quot;:&quot;classic&quot;}\">\n\t\t\t\t\t\t<div class=\"elementor-container elementor-column-gap-wide\">\n\t\t\t\t\t<div class=\"elementor-column elementor-col-50 elementor-inner-column elementor-element elementor-element-ac2771f has-sticky-column\" data-id=\"ac2771f\" data-element_type=\"column\" data-e-type=\"column\">\n\t\t\t<div class=\"elementor-widget-wrap elementor-element-populated\">\n\t\t\t\t\t\t<div class=\"elementor-element elementor-element-aba7cfe elementor-hidden-tablet elementor-hidden-mobile elementor-widget elementor-widget-image\" data-id=\"aba7cfe\" data-element_type=\"widget\" data-e-type=\"widget\" data-widget_type=\"image.default\">\n\t\t\t\t<div class=\"elementor-widget-container\">\n\t\t\t\t\t\t\t\t\t\t\t\t\t\t\t<img decoding=\"async\" width=\"1024\" height=\"778\" src=\"https:\/\/tdaflavors.com\/wp-content\/uploads\/2025\/05\/assortment-of-superfood-powder-acai-turmeric-gi-2024-10-18-04-38-15-utc-scaled-e1746540592280-1024x778.jpg\" class=\"attachment-large size-large wp-image-3241\" alt=\"\" srcset=\"https:\/\/tdaflavors.com\/wp-content\/uploads\/2025\/05\/assortment-of-superfood-powder-acai-turmeric-gi-2024-10-18-04-38-15-utc-scaled-e1746540592280-1024x778.jpg 1024w, https:\/\/tdaflavors.com\/wp-content\/uploads\/2025\/05\/assortment-of-superfood-powder-acai-turmeric-gi-2024-10-18-04-38-15-utc-scaled-e1746540592280-300x228.jpg 300w, https:\/\/tdaflavors.com\/wp-content\/uploads\/2025\/05\/assortment-of-superfood-powder-acai-turmeric-gi-2024-10-18-04-38-15-utc-scaled-e1746540592280-768x584.jpg 768w, https:\/\/tdaflavors.com\/wp-content\/uploads\/2025\/05\/assortment-of-superfood-powder-acai-turmeric-gi-2024-10-18-04-38-15-utc-scaled-e1746540592280-1536x1167.jpg 1536w, https:\/\/tdaflavors.com\/wp-content\/uploads\/2025\/05\/assortment-of-superfood-powder-acai-turmeric-gi-2024-10-18-04-38-15-utc-scaled-e1746540592280-353x268.jpg 353w, https:\/\/tdaflavors.com\/wp-content\/uploads\/2025\/05\/assortment-of-superfood-powder-acai-turmeric-gi-2024-10-18-04-38-15-utc-scaled-e1746540592280-1120x851.jpg 1120w, https:\/\/tdaflavors.com\/wp-content\/uploads\/2025\/05\/assortment-of-superfood-powder-acai-turmeric-gi-2024-10-18-04-38-15-utc-scaled-e1746540592280.jpg 1707w\" sizes=\"(max-width: 1024px) 100vw, 1024px\" \/>\t\t\t\t\t\t\t\t\t\t\t\t\t\t\t<\/div>\n\t\t\t\t<\/div>\n\t\t\t\t\t<\/div>\n\t\t<\/div>\n\t\t\t\t<div class=\"elementor-column elementor-col-50 elementor-inner-column elementor-element elementor-element-d793e3a\" data-id=\"d793e3a\" data-element_type=\"column\" data-e-type=\"column\">\n\t\t\t<div class=\"elementor-widget-wrap elementor-element-populated\">\n\t\t\t\t\t\t<div class=\"elementor-element elementor-element-3237d69 elementor-widget elementor-widget-heading\" data-id=\"3237d69\" data-element_type=\"widget\" data-e-type=\"widget\" data-widget_type=\"heading.default\">\n\t\t\t\t<div class=\"elementor-widget-container\">\n\t\t\t\t\t<h1 class=\"elementor-heading-title elementor-size-default\">Fonksiyonel. Lezzetli. Gelece\u011fe Haz\u0131r.<\/h1>\t\t\t\t<\/div>\n\t\t\t\t<\/div>\n\t\t\t\t<div class=\"elementor-element elementor-element-7d0d1f3 elementor-widget elementor-widget-text-editor\" data-id=\"7d0d1f3\" data-element_type=\"widget\" data-e-type=\"widget\" data-widget_type=\"text-editor.default\">\n\t\t\t\t<div class=\"elementor-widget-container\">\n\t\t\t\t\t\t\t\t\t<p><em><span style=\"color: #ef5d39;\">Vitaminler \/ Proteinler \/ Sa\u011fl\u0131k<\/span><\/em><\/p>\t\t\t\t\t\t\t\t<\/div>\n\t\t\t\t<\/div>\n\t\t\t\t<div class=\"elementor-element elementor-element-57d2da3 elementor-widget elementor-widget-text-editor\" data-id=\"57d2da3\" data-element_type=\"widget\" data-e-type=\"widget\" data-widget_type=\"text-editor.default\">\n\t\t\t\t<div class=\"elementor-widget-container\">\n\t\t\t\t\t\t\t\t\t<h3 data-start=\"1093\" data-end=\"1450\"><br data-start=\"1201\" data-end=\"1204\" \/>Beslenmeye hayat kat\u0131yoruz. Toz aromalar\u0131m\u0131z ac\u0131l\u0131\u011f\u0131 maskeleyerek, tad\u0131 geli\u015ftirerek ve \u00fcr\u00fcn\u00fcn\u00fcz\u00fcn fonksiyonel hedeflerini destekleyerek fark yarat\u0131r. \u0130ster peynir alt\u0131 suyu proteini, ister kolajen kar\u0131\u015f\u0131mlar\u0131, isterse vitamin kombinasyonlar\u0131 olsun; \u00e7\u00f6z\u00fcmlerimiz sa\u011fl\u0131k ile arzulanan lezzeti ustaca dengeler.<\/h3><h3 data-start=\"1452\" data-end=\"1553\">\u00a0<\/h3>\t\t\t\t\t\t\t\t<\/div>\n\t\t\t\t<\/div>\n\t\t\t\t\t<\/div>\n\t\t<\/div>\n\t\t\t\t\t<\/div>\n\t\t<\/section>\n\t\t\t\t<div class=\"elementor-element elementor-element-b458126 elementor-widget elementor-widget-spacer\" data-id=\"b458126\" data-element_type=\"widget\" data-e-type=\"widget\" data-widget_type=\"spacer.default\">\n\t\t\t\t<div class=\"elementor-widget-container\">\n\t\t\t\t\t\t\t<div class=\"elementor-spacer\">\n\t\t\t<div class=\"elementor-spacer-inner\"><\/div>\n\t\t<\/div>\n\t\t\t\t\t\t<\/div>\n\t\t\t\t<\/div>\n\t\t\t\t<section class=\"elementor-section elementor-inner-section elementor-element elementor-element-22c7ff3 elementor-section-full_width elementor-section-height-default elementor-section-height-default\" data-id=\"22c7ff3\" data-element_type=\"section\" data-e-type=\"section\" data-settings=\"{&quot;background_background&quot;:&quot;classic&quot;}\">\n\t\t\t\t\t\t<div class=\"elementor-container elementor-column-gap-wide\">\n\t\t\t\t\t<div class=\"elementor-column elementor-col-50 elementor-inner-column elementor-element elementor-element-d5b9524\" data-id=\"d5b9524\" data-element_type=\"column\" data-e-type=\"column\">\n\t\t\t<div class=\"elementor-widget-wrap elementor-element-populated\">\n\t\t\t\t\t\t<div class=\"elementor-element elementor-element-ba57bce elementor-widget elementor-widget-heading\" data-id=\"ba57bce\" data-element_type=\"widget\" data-e-type=\"widget\" data-widget_type=\"heading.default\">\n\t\t\t\t<div class=\"elementor-widget-container\">\n\t\t\t\t\t<h1 class=\"elementor-heading-title elementor-size-default\">Her tarifte \u00e7al\u0131\u015fan lezzet<\/h1>\t\t\t\t<\/div>\n\t\t\t\t<\/div>\n\t\t\t\t<div class=\"elementor-element elementor-element-423d685 elementor-widget elementor-widget-text-editor\" data-id=\"423d685\" data-element_type=\"widget\" data-e-type=\"widget\" data-widget_type=\"text-editor.default\">\n\t\t\t\t<div class=\"elementor-widget-container\">\n\t\t\t\t\t\t\t\t\t<p><em><span style=\"color: #ef5d39;\">Tuzlu \/ Tatl\u0131 \/ Baharatlar<\/span><\/em><\/p>\t\t\t\t\t\t\t\t<\/div>\n\t\t\t\t<\/div>\n\t\t\t\t<div class=\"elementor-element elementor-element-64c8813 elementor-widget elementor-widget-text-editor\" data-id=\"64c8813\" data-element_type=\"widget\" data-e-type=\"widget\" data-widget_type=\"text-editor.default\">\n\t\t\t\t<div class=\"elementor-widget-container\">\n\t\t\t\t\t\t\t\t\t<h3 data-start=\"354\" data-end=\"752\"><br data-start=\"456\" data-end=\"459\" \/>Kuru aroma tozlar\u0131m\u0131z; cesur, dengeli ve sabit bir tat isteyen \u015fefler, g\u0131da \u00fcreticileri ve \u00fcr\u00fcn geli\u015ftiriciler i\u00e7in tasarlanm\u0131\u015ft\u0131r. \u0130ster an\u0131nda \u00e7orba, ister baharat kar\u0131\u015f\u0131m\u0131, ister f\u0131r\u0131n \u00fcr\u00fcnleri yap\u0131yor olun; tozlar\u0131m\u0131z kolayca kar\u0131\u015f\u0131r ve her uygulamada g\u00fc\u00e7l\u00fc ve \u00f6zg\u00fcn bir lezzet sunar.<\/h3><h3 data-start=\"754\" data-end=\"865\">\u00a0<\/h3>\t\t\t\t\t\t\t\t<\/div>\n\t\t\t\t<\/div>\n\t\t\t\t\t<\/div>\n\t\t<\/div>\n\t\t\t\t<div class=\"elementor-column elementor-col-50 elementor-inner-column elementor-element elementor-element-eaf6bbe has-sticky-column\" data-id=\"eaf6bbe\" data-element_type=\"column\" data-e-type=\"column\">\n\t\t\t<div class=\"elementor-widget-wrap elementor-element-populated\">\n\t\t\t\t\t\t<div class=\"elementor-element elementor-element-1e5219a elementor-widget elementor-widget-image\" data-id=\"1e5219a\" data-element_type=\"widget\" data-e-type=\"widget\" data-widget_type=\"image.default\">\n\t\t\t\t<div class=\"elementor-widget-container\">\n\t\t\t\t\t\t\t\t\t\t\t\t\t\t\t<img decoding=\"async\" width=\"1024\" height=\"696\" src=\"https:\/\/tdaflavors.com\/wp-content\/uploads\/2025\/05\/various-matcha-tea-powder-on-a-concrete-background-2025-01-10-15-13-53-utc-scaled-e1746538595446-1024x696.jpg\" class=\"attachment-large size-large wp-image-3242\" alt=\"\" srcset=\"https:\/\/tdaflavors.com\/wp-content\/uploads\/2025\/05\/various-matcha-tea-powder-on-a-concrete-background-2025-01-10-15-13-53-utc-scaled-e1746538595446-1024x696.jpg 1024w, https:\/\/tdaflavors.com\/wp-content\/uploads\/2025\/05\/various-matcha-tea-powder-on-a-concrete-background-2025-01-10-15-13-53-utc-scaled-e1746538595446-300x204.jpg 300w, https:\/\/tdaflavors.com\/wp-content\/uploads\/2025\/05\/various-matcha-tea-powder-on-a-concrete-background-2025-01-10-15-13-53-utc-scaled-e1746538595446-768x522.jpg 768w, https:\/\/tdaflavors.com\/wp-content\/uploads\/2025\/05\/various-matcha-tea-powder-on-a-concrete-background-2025-01-10-15-13-53-utc-scaled-e1746538595446-1536x1045.jpg 1536w, https:\/\/tdaflavors.com\/wp-content\/uploads\/2025\/05\/various-matcha-tea-powder-on-a-concrete-background-2025-01-10-15-13-53-utc-scaled-e1746538595446-394x268.jpg 394w, https:\/\/tdaflavors.com\/wp-content\/uploads\/2025\/05\/various-matcha-tea-powder-on-a-concrete-background-2025-01-10-15-13-53-utc-scaled-e1746538595446-1120x762.jpg 1120w, https:\/\/tdaflavors.com\/wp-content\/uploads\/2025\/05\/various-matcha-tea-powder-on-a-concrete-background-2025-01-10-15-13-53-utc-scaled-e1746538595446.jpg 1829w\" sizes=\"(max-width: 1024px) 100vw, 1024px\" \/>\t\t\t\t\t\t\t\t\t\t\t\t\t\t\t<\/div>\n\t\t\t\t<\/div>\n\t\t\t\t\t<\/div>\n\t\t<\/div>\n\t\t\t\t\t<\/div>\n\t\t<\/section>\n\t\t\t\t\t<\/div>\n\t\t<\/div>\n\t\t\t\t\t<\/div>\n\t\t<\/section>\n\t\t\t\t<\/div>","protected":false},"excerpt":{"rendered":"<p>Flavored Powders Instant Flavor. Infinite Possibilities. Beverages \/ Dairy \/ Snacks At TDAFlavors, we specialize in powdered flavor systems that dissolve quickly and taste [&hellip;]<\/p>\n","protected":false},"author":1,"featured_media":0,"parent":0,"menu_order":0,"comment_status":"closed","ping_status":"closed","template":"","meta":{"_acf_changed":false,"footnotes":""},"class_list":["post-3237","page","type-page","status-publish","hentry"],"acf":{"full_width":false,"header_transparent":false,"header_white":false},"yoast_head":"<!-- This site is optimized with the Yoast SEO plugin v27.3 - https:\/\/yoast.com\/product\/yoast-seo-wordpress\/ -->\n<title>podwers - TDA Flavors<\/title>\n<meta name=\"robots\" content=\"index, follow, max-snippet:-1, max-image-preview:large, max-video-preview:-1\" \/>\n<link rel=\"canonical\" href=\"https:\/\/tdaflavors.com\/tr\/podwers\/\" \/>\n<meta property=\"og:locale\" content=\"tr_TR\" \/>\n<meta property=\"og:type\" content=\"article\" \/>\n<meta property=\"og:title\" content=\"podwers - TDA Flavors\" \/>\n<meta property=\"og:description\" content=\"Flavored Powders Instant Flavor. Infinite Possibilities. Beverages \/ Dairy \/ Snacks At TDAFlavors, we specialize in powdered flavor systems that dissolve quickly and taste [&hellip;]\" \/>\n<meta property=\"og:url\" content=\"https:\/\/tdaflavors.com\/tr\/podwers\/\" \/>\n<meta property=\"og:site_name\" content=\"TDA Flavors\" \/>\n<meta property=\"article:modified_time\" content=\"2025-07-01T16:16:30+00:00\" \/>\n<meta property=\"og:image\" content=\"https:\/\/tdaflavors.com\/wp-content\/uploads\/2025\/05\/various-healthy-superfoods-powder-2024-10-18-06-03-54-utc-scaled.jpg\" \/>\n<meta name=\"twitter:card\" content=\"summary_large_image\" \/>\n<meta name=\"twitter:label1\" content=\"Tahmini okuma s\u00fcresi\" \/>\n\t<meta name=\"twitter:data1\" content=\"1 dakika\" \/>\n<script type=\"application\/ld+json\" class=\"yoast-schema-graph\">{\"@context\":\"https:\\\/\\\/schema.org\",\"@graph\":[{\"@type\":\"WebPage\",\"@id\":\"https:\\\/\\\/tdaflavors.com\\\/podwers\\\/\",\"url\":\"https:\\\/\\\/tdaflavors.com\\\/podwers\\\/\",\"name\":\"podwers - TDA Flavors\",\"isPartOf\":{\"@id\":\"https:\\\/\\\/tdaflavors.com\\\/#website\"},\"primaryImageOfPage\":{\"@id\":\"https:\\\/\\\/tdaflavors.com\\\/podwers\\\/#primaryimage\"},\"image\":{\"@id\":\"https:\\\/\\\/tdaflavors.com\\\/podwers\\\/#primaryimage\"},\"thumbnailUrl\":\"https:\\\/\\\/tdaflavors.com\\\/wp-content\\\/uploads\\\/2025\\\/05\\\/various-healthy-superfoods-powder-2024-10-18-06-03-54-utc-scaled.jpg\",\"datePublished\":\"2025-05-06T13:32:54+00:00\",\"dateModified\":\"2025-07-01T16:16:30+00:00\",\"breadcrumb\":{\"@id\":\"https:\\\/\\\/tdaflavors.com\\\/podwers\\\/#breadcrumb\"},\"inLanguage\":\"tr\",\"potentialAction\":[{\"@type\":\"ReadAction\",\"target\":[\"https:\\\/\\\/tdaflavors.com\\\/podwers\\\/\"]}]},{\"@type\":\"ImageObject\",\"inLanguage\":\"tr\",\"@id\":\"https:\\\/\\\/tdaflavors.com\\\/podwers\\\/#primaryimage\",\"url\":\"https:\\\/\\\/tdaflavors.com\\\/wp-content\\\/uploads\\\/2025\\\/05\\\/various-healthy-superfoods-powder-2024-10-18-06-03-54-utc-scaled.jpg\",\"contentUrl\":\"https:\\\/\\\/tdaflavors.com\\\/wp-content\\\/uploads\\\/2025\\\/05\\\/various-healthy-superfoods-powder-2024-10-18-06-03-54-utc-scaled.jpg\"},{\"@type\":\"BreadcrumbList\",\"@id\":\"https:\\\/\\\/tdaflavors.com\\\/podwers\\\/#breadcrumb\",\"itemListElement\":[{\"@type\":\"ListItem\",\"position\":1,\"name\":\"Home\",\"item\":\"https:\\\/\\\/tdaflavors.com\\\/\"},{\"@type\":\"ListItem\",\"position\":2,\"name\":\"podwers\"}]},{\"@type\":\"WebSite\",\"@id\":\"https:\\\/\\\/tdaflavors.com\\\/#website\",\"url\":\"https:\\\/\\\/tdaflavors.com\\\/\",\"name\":\"TDA Flavors\",\"description\":\"#1 Best Flavor Company on Turkey \ud83c\uddf9\ud83c\uddf7\",\"publisher\":{\"@id\":\"https:\\\/\\\/tdaflavors.com\\\/#organization\"},\"potentialAction\":[{\"@type\":\"SearchAction\",\"target\":{\"@type\":\"EntryPoint\",\"urlTemplate\":\"https:\\\/\\\/tdaflavors.com\\\/?s={search_term_string}\"},\"query-input\":{\"@type\":\"PropertyValueSpecification\",\"valueRequired\":true,\"valueName\":\"search_term_string\"}}],\"inLanguage\":\"tr\"},{\"@type\":\"Organization\",\"@id\":\"https:\\\/\\\/tdaflavors.com\\\/#organization\",\"name\":\"TDA Flavors\",\"url\":\"https:\\\/\\\/tdaflavors.com\\\/\",\"logo\":{\"@type\":\"ImageObject\",\"inLanguage\":\"tr\",\"@id\":\"https:\\\/\\\/tdaflavors.com\\\/#\\\/schema\\\/logo\\\/image\\\/\",\"url\":\"https:\\\/\\\/tdaflavors.com\\\/wp-content\\\/uploads\\\/2025\\\/05\\\/LOGO-TDA.png\",\"contentUrl\":\"https:\\\/\\\/tdaflavors.com\\\/wp-content\\\/uploads\\\/2025\\\/05\\\/LOGO-TDA.png\",\"width\":252,\"height\":115,\"caption\":\"TDA Flavors\"},\"image\":{\"@id\":\"https:\\\/\\\/tdaflavors.com\\\/#\\\/schema\\\/logo\\\/image\\\/\"}}]}<\/script>\n<!-- \/ Yoast SEO plugin. -->","yoast_head_json":{"title":"podwers - TDA Flavors","robots":{"index":"index","follow":"follow","max-snippet":"max-snippet:-1","max-image-preview":"max-image-preview:large","max-video-preview":"max-video-preview:-1"},"canonical":"https:\/\/tdaflavors.com\/tr\/podwers\/","og_locale":"tr_TR","og_type":"article","og_title":"podwers - TDA Flavors","og_description":"Flavored Powders Instant Flavor. Infinite Possibilities. Beverages \/ Dairy \/ Snacks At TDAFlavors, we specialize in powdered flavor systems that dissolve quickly and taste [&hellip;]","og_url":"https:\/\/tdaflavors.com\/tr\/podwers\/","og_site_name":"TDA Flavors","article_modified_time":"2025-07-01T16:16:30+00:00","og_image":[{"url":"https:\/\/tdaflavors.com\/wp-content\/uploads\/2025\/05\/various-healthy-superfoods-powder-2024-10-18-06-03-54-utc-scaled.jpg","type":"","width":"","height":""}],"twitter_card":"summary_large_image","twitter_misc":{"Tahmini okuma s\u00fcresi":"1 dakika"},"schema":{"@context":"https:\/\/schema.org","@graph":[{"@type":"WebPage","@id":"https:\/\/tdaflavors.com\/podwers\/","url":"https:\/\/tdaflavors.com\/podwers\/","name":"podwers - TDA Flavors","isPartOf":{"@id":"https:\/\/tdaflavors.com\/#website"},"primaryImageOfPage":{"@id":"https:\/\/tdaflavors.com\/podwers\/#primaryimage"},"image":{"@id":"https:\/\/tdaflavors.com\/podwers\/#primaryimage"},"thumbnailUrl":"https:\/\/tdaflavors.com\/wp-content\/uploads\/2025\/05\/various-healthy-superfoods-powder-2024-10-18-06-03-54-utc-scaled.jpg","datePublished":"2025-05-06T13:32:54+00:00","dateModified":"2025-07-01T16:16:30+00:00","breadcrumb":{"@id":"https:\/\/tdaflavors.com\/podwers\/#breadcrumb"},"inLanguage":"tr","potentialAction":[{"@type":"ReadAction","target":["https:\/\/tdaflavors.com\/podwers\/"]}]},{"@type":"ImageObject","inLanguage":"tr","@id":"https:\/\/tdaflavors.com\/podwers\/#primaryimage","url":"https:\/\/tdaflavors.com\/wp-content\/uploads\/2025\/05\/various-healthy-superfoods-powder-2024-10-18-06-03-54-utc-scaled.jpg","contentUrl":"https:\/\/tdaflavors.com\/wp-content\/uploads\/2025\/05\/various-healthy-superfoods-powder-2024-10-18-06-03-54-utc-scaled.jpg"},{"@type":"BreadcrumbList","@id":"https:\/\/tdaflavors.com\/podwers\/#breadcrumb","itemListElement":[{"@type":"ListItem","position":1,"name":"Home","item":"https:\/\/tdaflavors.com\/"},{"@type":"ListItem","position":2,"name":"podwers"}]},{"@type":"WebSite","@id":"https:\/\/tdaflavors.com\/#website","url":"https:\/\/tdaflavors.com\/","name":"TDA Tatlar\u0131","description":"#1 T\u00fcrkiye'nin En \u0130yi Lezzet \u015eirketi \ud83c\uddf9\ud83c\uddf7","publisher":{"@id":"https:\/\/tdaflavors.com\/#organization"},"potentialAction":[{"@type":"SearchAction","target":{"@type":"EntryPoint","urlTemplate":"https:\/\/tdaflavors.com\/?s={search_term_string}"},"query-input":{"@type":"PropertyValueSpecification","valueRequired":true,"valueName":"search_term_string"}}],"inLanguage":"tr"},{"@type":"Organization","@id":"https:\/\/tdaflavors.com\/#organization","name":"TDA Tatlar\u0131","url":"https:\/\/tdaflavors.com\/","logo":{"@type":"ImageObject","inLanguage":"tr","@id":"https:\/\/tdaflavors.com\/#\/schema\/logo\/image\/","url":"https:\/\/tdaflavors.com\/wp-content\/uploads\/2025\/05\/LOGO-TDA.png","contentUrl":"https:\/\/tdaflavors.com\/wp-content\/uploads\/2025\/05\/LOGO-TDA.png","width":252,"height":115,"caption":"TDA Flavors"},"image":{"@id":"https:\/\/tdaflavors.com\/#\/schema\/logo\/image\/"}}]}},"_links":{"self":[{"href":"https:\/\/tdaflavors.com\/tr\/wp-json\/wp\/v2\/pages\/3237","targetHints":{"allow":["GET"]}}],"collection":[{"href":"https:\/\/tdaflavors.com\/tr\/wp-json\/wp\/v2\/pages"}],"about":[{"href":"https:\/\/tdaflavors.com\/tr\/wp-json\/wp\/v2\/types\/page"}],"author":[{"embeddable":true,"href":"https:\/\/tdaflavors.com\/tr\/wp-json\/wp\/v2\/users\/1"}],"replies":[{"embeddable":true,"href":"https:\/\/tdaflavors.com\/tr\/wp-json\/wp\/v2\/comments?post=3237"}],"version-history":[{"count":47,"href":"https:\/\/tdaflavors.com\/tr\/wp-json\/wp\/v2\/pages\/3237\/revisions"}],"predecessor-version":[{"id":3455,"href":"https:\/\/tdaflavors.com\/tr\/wp-json\/wp\/v2\/pages\/3237\/revisions\/3455"}],"wp:attachment":[{"href":"https:\/\/tdaflavors.com\/tr\/wp-json\/wp\/v2\/media?parent=3237"}],"curies":[{"name":"wp","href":"https:\/\/api.w.org\/{rel}","templated":true}]}}